{"id":1215,"date":"2023-10-19T19:06:06","date_gmt":"2023-10-19T19:06:06","guid":{"rendered":"https:\/\/bcchrmicro.wpengine.com\/?page_id=1215"},"modified":"2025-12-24T17:46:42","modified_gmt":"2025-12-24T17:46:42","slug":"publications","status":"publish","type":"page","link":"https:\/\/www.bcchr.ca\/maxwell-lab\/publications\/","title":{"rendered":"Publications"},"content":{"rendered":"<div  class=\"fndry-container fndry-responsive-bg fndry-container--full fndry-pt--md-3 fndry-pr--md-3 fndry-pl--md-3 fndry-pb--md-6 fndry-pr--sm-2 fndry-pl--sm-2 fndry-pb--sm-3\" style=\"--fndry-bg:var(--fndry-color-tertiaryLight)\">\n\t<div  class=\"fndry-container fndry-responsive-bg\">\n\t<div class=\"fndry-row fndry-align--center fndry-justify--sm-center fndry-justify--between\">\n\t<div  class=\"fndry-col fndry-responsive-bg fndry-col--6 fndry-col--md-10 fndry-col--sm-12 fndry-pl--2 fndry-pb--5 fndry-pt--5 fndry-pt--md-2 fndry-pb--md-2 fndry-pr--md-0 fndry-pl--md-0\">\n\t<div class=\"breadcrumbs align fndry-pb--2 wp-block-bcn-breadcrumb-trail has-text-color has-background \" vocab=\"https:\/\/schema.org\/\" typeof=\"BreadcrumbList\">\n\t<span><\/span>\n\t<span property=\"itemListElement\" typeof=\"ListItem\"><a property=\"item\" typeof=\"WebPage\" title=\"Go to Maxwell Lab.\" href=\"https:\/\/www.bcchr.ca\/maxwell-lab\" class=\"home\" ><span property=\"name\">Maxwell Lab<\/span><\/a><meta property=\"position\" content=\"1\"><\/span><span property=\"itemListElement\" typeof=\"ListItem\"><a property=\"item\" typeof=\"WebPage\" title=\"Go to News.\" href=\"https:\/\/www.bcchr.ca\/maxwell-lab\/news\/\" class=\"post-root post post-post\" aria-current=\"page\"><span property=\"name\">News<\/span><\/a><meta property=\"position\" content=\"2\"><\/span><\/div>\n<h1 class=\"fndry-heading\">Publications<\/h1><p class=\"fndry-paragraph fndry-text-bannerIntro20\">Select publications from the Maxwell Lab.<\/p><\/div>\n<div  class=\"fndry-col fndry-responsive-bg fndry-col--5 fndry-col--md-12\">\n\t<figure  class=\"fndry-image\" style=\"--imageWidth:100%;--img-height-all:100%\" aria-labelledby=\"img-\">\n\t\t\t<\/figure>\n<\/div>\n<\/div><\/div>\n<\/div>\n\n\n<div  class=\"fndry-container fndry-responsive-bg fndry-pt--5 fndry-pb--5 fndry-pr--md-1 fndry-pl--md-1 fndry-pt--md-3 fndry-pb--md-3 fndry-pt--sm-0 fndry-pb--sm-0 fndry-mt--sm-3 fndry-mb--sm-3\">\n\t<div class=\"fndry-row fndry-justify--center\">\n\t<div  class=\"fndry-col fndry-responsive-bg fndry-col--10 fndry-col--sm-12 fndry-col--md-12 fndry-pr--sm-2 fndry-pl--sm-2 fndry-pt--md-4 fndry-pb--md-4 fndry-pr--md-3 fndry-pl--md-3 fndry-d--flex fndry-flex--col fndry-align--start fndry-justify--center\">\n\t<p class=\"fndry-paragraph\">The Maxwell Lab collaborates with leading research teams located at BC Children\u2019s Hospital, UBC, and around the world. Together, we work on research projects related to oriented cell division, hereditary cancers and personalized pediatric oncology.<\/p><p class=\"fndry-paragraph\">Maxwell Lab members are in bold font in the publications listed below. A complete list of publications can be found on&nbsp;<a href=\"https:\/\/www.ncbi.nlm.nih.gov\/myncbi\/1N3pktyBufyULq\/bibliography\/public\/\" target=\"_blank\" rel=\"noreferrer noopener\">PubMed<\/a>.<\/p><h3 class=\"fndry-heading\">Selected recent publications<\/h3><p class=\"fndry-paragraph\">Farrokhi A*, Atre T*,&nbsp;<strong>Rever J<\/strong>*, (*co-first authors) Fidanza M, Duey W, Salitra S, Myung J,&nbsp;<strong>Guo M<\/strong>, Jo S, Uzozie A, Baharvand F, Rolf N, Auer F, Hauer J, Grupp SA, Eydoux P, Lange PF, Seif AE,&nbsp;<strong>Maxwell CA<\/strong>, Reid GSD.&nbsp;<a href=\"https:\/\/pubmed.ncbi.nlm.nih.gov\/38519798\/\" target=\"_blank\" rel=\"noreferrer noopener\">The E\u03bc-Ret mouse is a novel model of hyperdiploid B-cell acute lymphoblastic leukemia<\/a>.&nbsp;<em>Leukemia<\/em>. 2024, [Epub ahead of print] PMID: 38519798.<\/p><p class=\"fndry-paragraph\"><strong>Lorentzian AC<\/strong>,&nbsp;<strong>Rever J<\/strong>, Ergin EK,&nbsp;<strong>Guo M<\/strong>,&nbsp;<strong>Akella NM<\/strong>, Rolf N, James Lim C, Reid GSD,&nbsp;<strong>Maxwell CA<\/strong>\u2020, Lange PF\u2020 (\u2020co-senior authors).&nbsp;<a href=\"https:\/\/pubmed.ncbi.nlm.nih.gov\/37989729\/\" target=\"_blank\" rel=\"noreferrer noopener\">Targetable lesions and proteomes predict therapy sensitivity through disease evolution in pediatric acute lymphoblastic leukemia<\/a>.&nbsp;<em>Nature Communications<\/em>. 2023 Nov 21;14(1):7161. PMID: 37989729.<\/p><p class=\"fndry-paragraph\"><strong>He Z<\/strong>,&nbsp;<strong>Ghorayeb R<\/strong>, Tan S,&nbsp;<strong>Chen K<\/strong>,&nbsp;<strong>Lorentzian AC<\/strong>,&nbsp;<strong>Bottyan J<\/strong>, Aalam SMM, Pujana MA, Lange PF, Kannan N, Eaves CJ,&nbsp;<strong>Maxwell CA<\/strong>.&nbsp;<a href=\"https:\/\/pubmed.ncbi.nlm.nih.gov\/35459234\/\" target=\"_blank\" rel=\"noreferrer noopener\">Pathogenic BRCA1 variants disrupt PLK1-regulation of mitotic spindle orientation<\/a>.&nbsp;<em>Nature Communications<\/em>. 2022 Apr 22;13(1):2200. PMID: 35459234.<\/p><p class=\"fndry-paragraph\">Mateo F*,&nbsp;<strong>He Z<\/strong>*,&nbsp;<strong>Mei L<\/strong>*, (*co-first authors) de Garibay GR, Herranz C, Garc\u00eda N,&nbsp;<strong>Lorentzian A<\/strong>, Baiges A, Blommaert E, G\u00f3mez A, Mirallas O, Garrido-Utrilla A, Palomero L, Esp\u00edn R, Extremera AI, Soler-Mons\u00f3 MT, Petit A, Li R, Brunet J,&nbsp;<strong>Chen K<\/strong>, Tan S, Eaves CJ, McCloskey C, Hakem R, Khokha R, Lange PF, L\u00e1zaro C,&nbsp;<strong>Maxwell CA<\/strong>\u2020, Pujana MA\u2020 (\u2020co-senior authors).&nbsp;<a href=\"https:\/\/pubmed.ncbi.nlm.nih.gov\/35393420\/\" target=\"_blank\" rel=\"noreferrer noopener\">Modification of BRCA1-associated breast cancer risk by HMMR overexpression<\/a>.&nbsp;<em>Nature Communications<\/em>. 2022 Apr 7;13(1):1895. PMID: 35393420.<\/p><p class=\"fndry-paragraph\"><strong>Morris EJ<\/strong>\u2020, Gillespie JA,&nbsp;<strong>Maxwell CA<\/strong>\u2020, Dedhar S\u2020 (\u2020co-senior authors).&nbsp;<a href=\"https:\/\/pubmed.ncbi.nlm.nih.gov\/32187533\/\" target=\"_blank\" rel=\"noreferrer noopener\">A Model of Differential Mammary Growth Initiation by Stat3 and Asymmetric Integrin-\u03b16 Inheritance<\/a>.&nbsp;<em>Cell Reports<\/em>. 2020 Mar 17;30(11): 3605-3615.e5. PMID: 32187533.<\/p><\/div>\n<\/div><\/div>\n\n\n<div  class=\"fndry-container fndry-responsive-bg fndry-container--full fndry-pt--md-3 fndry-pr--md-3 fndry-pl--md-3 fndry-pb--md-6 fndry-pr--sm-2 fndry-pl--sm-2\" style=\"--fndry-bg:var(--fndry-color-light)\">\n\t<div  class=\"fndry-container fndry-responsive-bg\">\n\t<div class=\"fndry-row fndry-align--center fndry-justify--sm-center fndry-justify--between\">\n\t<div  class=\"fndry-col fndry-responsive-bg fndry-col--6 fndry-col--md-10 fndry-col--sm-12 fndry-pl--2 fndry-pb--5 fndry-pt--5 fndry-pt--md-2 fndry-pb--md-2\">\n\t<h2 class=\"fndry-heading\" style=\"color:var(--fndry-color-secondary)\">Contact Us<\/h2><p class=\"fndry-paragraph fndry-text-intro18\">Contact the Maxwell Lab with your inquiries.<\/p><a  href=\"https:\/\/www.bcchr.ca\/maxwell-lab\/contact-careers\/\" rel=\"\" id=\"fndry-block-64b567d42514c\" class=\"fndry-btn fndry-btn-secondaryButtonWArrow\">Contact<\/a><\/div>\n<div  class=\"fndry-col fndry-responsive-bg fndry-col--5 fndry-d--md-none\">\n\t<figure  class=\"fndry-image fndry-mb--0\" style=\"--imageWidth:100%;--img-height-all:100%\" aria-labelledby=\"img-2429\">\n\t<img loading=\"lazy\" decoding=\"async\" width=\"960\" height=\"814\" src=\"https:\/\/www.bcchr.ca\/maxwell-lab\/files\/2025\/12\/bc-childrens-hospital-research-institute.jpg\" class=\"fndry-image__img\" aria-hidden=\"true\" role=\"presentation\" style=\"--borderRadius:0px;--objectFit:cover;--imagePosX:50%;--imagePosY:50%\" srcset=\"https:\/\/www.bcchr.ca\/maxwell-lab\/files\/2025\/12\/bc-childrens-hospital-research-institute.jpg 960w, https:\/\/www.bcchr.ca\/maxwell-lab\/files\/2025\/12\/bc-childrens-hospital-research-institute-300x254.jpg 300w, https:\/\/www.bcchr.ca\/maxwell-lab\/files\/2025\/12\/bc-childrens-hospital-research-institute-768x651.jpg 768w\" sizes=\"(max-width: 960px) 100vw, 960px\" \/>\t\t<\/figure>\n<\/div>\n<\/div><\/div>\n<\/div>\n","protected":false},"excerpt":{"rendered":"","protected":false},"author":8,"featured_media":0,"parent":0,"menu_order":0,"comment_status":"closed","ping_status":"closed","template":"","meta":{"_lmt_disableupdate":"","_lmt_disable":"","inline_featured_image":false,"footnotes":"","fndry_alternate_title":"Alternate Title!"},"class_list":["post-1215","page","type-page","status-publish","hentry"],"_links":{"self":[{"href":"https:\/\/www.bcchr.ca\/maxwell-lab\/wp-json\/wp\/v2\/pages\/1215","targetHints":{"allow":["GET"]}}],"collection":[{"href":"https:\/\/www.bcchr.ca\/maxwell-lab\/wp-json\/wp\/v2\/pages"}],"about":[{"href":"https:\/\/www.bcchr.ca\/maxwell-lab\/wp-json\/wp\/v2\/types\/page"}],"author":[{"embeddable":true,"href":"https:\/\/www.bcchr.ca\/maxwell-lab\/wp-json\/wp\/v2\/users\/8"}],"replies":[{"embeddable":true,"href":"https:\/\/www.bcchr.ca\/maxwell-lab\/wp-json\/wp\/v2\/comments?post=1215"}],"version-history":[{"count":3,"href":"https:\/\/www.bcchr.ca\/maxwell-lab\/wp-json\/wp\/v2\/pages\/1215\/revisions"}],"predecessor-version":[{"id":2438,"href":"https:\/\/www.bcchr.ca\/maxwell-lab\/wp-json\/wp\/v2\/pages\/1215\/revisions\/2438"}],"wp:attachment":[{"href":"https:\/\/www.bcchr.ca\/maxwell-lab\/wp-json\/wp\/v2\/media?parent=1215"}],"curies":[{"name":"wp","href":"https:\/\/api.w.org\/{rel}","templated":true}]}}